{"id":3606003,"date":"2024-06-28T09:58:41","date_gmt":"2024-06-28T07:58:41","guid":{"rendered":"https:\/\/uraniaegerapartman.eu\/parken\/"},"modified":"2025-05-03T20:28:16","modified_gmt":"2025-05-03T18:28:16","slug":"parken","status":"publish","type":"page","link":"https:\/\/uraniaegerapartman.eu\/de\/parken\/","title":{"rendered":"Parken"},"content":{"rendered":"\t\t<div data-elementor-type=\"wp-page\" data-elementor-id=\"3606003\" class=\"elementor elementor-3606003 elementor-3603450\" data-elementor-post-type=\"page\">\n\t\t\t\t\t\t<section class=\"elementor-section elementor-top-section elementor-element elementor-element-7f8e9847 elementor-section-boxed elementor-section-height-default elementor-section-height-default\" data-id=\"7f8e9847\" data-element_type=\"section\" data-e-type=\"section\">\n\t\t\t\t\t\t<div class=\"elementor-container elementor-column-gap-default\">\n\t\t\t\t\t<div class=\"elementor-column elementor-col-50 elementor-top-column elementor-element elementor-element-76eb5cb1\" data-id=\"76eb5cb1\" data-element_type=\"column\" data-e-type=\"column\">\n\t\t\t<div class=\"elementor-widget-wrap elementor-element-populated\">\n\t\t\t\t\t\t<div class=\"elementor-element elementor-element-4b258c60 elementor-invisible elementor-widget elementor-widget-heading\" data-id=\"4b258c60\" data-element_type=\"widget\" data-e-type=\"widget\" data-settings=\"{&quot;_animation&quot;:&quot;fadeInLeft&quot;}\" data-widget_type=\"heading.default\">\n\t\t\t\t<div class=\"elementor-widget-container\">\n\t\t\t\t\t<h2 class=\"elementor-heading-title elementor-size-default\">Parken<\/h2>\t\t\t\t<\/div>\n\t\t\t\t<\/div>\n\t\t\t\t<div class=\"elementor-element elementor-element-5a60537d elementor-invisible elementor-widget elementor-widget-image\" data-id=\"5a60537d\" data-element_type=\"widget\" data-e-type=\"widget\" data-settings=\"{&quot;_animation&quot;:&quot;fadeInLeft&quot;}\" data-widget_type=\"image.default\">\n\t\t\t\t<div class=\"elementor-widget-container\">\n\t\t\t\t\t\t\t\t\t\t\t\t\t\t\t<img fetchpriority=\"high\" decoding=\"async\" width=\"800\" height=\"695\" src=\"https:\/\/uraniaegerapartman.eu\/wp-content\/uploads\/2024\/01\/eger-tkp-urania-apartman-1024x889.webp\" class=\"attachment-large size-large wp-image-3605528\" alt=\"\" srcset=\"https:\/\/uraniaegerapartman.eu\/wp-content\/uploads\/2024\/01\/eger-tkp-urania-apartman-1024x889.webp 1024w, https:\/\/uraniaegerapartman.eu\/wp-content\/uploads\/2024\/01\/eger-tkp-urania-apartman-300x260.webp 300w, https:\/\/uraniaegerapartman.eu\/wp-content\/uploads\/2024\/01\/eger-tkp-urania-apartman-768x667.webp 768w, https:\/\/uraniaegerapartman.eu\/wp-content\/uploads\/2024\/01\/eger-tkp-urania-apartman.webp 1402w\" sizes=\"(max-width: 800px) 100vw, 800px\" \/>\t\t\t\t\t\t\t\t\t\t\t\t\t\t\t<\/div>\n\t\t\t\t<\/div>\n\t\t\t\t<section class=\"elementor-section elementor-inner-section elementor-element elementor-element-0a51ba6 elementor-section-boxed elementor-section-height-default elementor-section-height-default\" data-id=\"0a51ba6\" data-element_type=\"section\" data-e-type=\"section\">\n\t\t\t\t\t\t<div class=\"elementor-container elementor-column-gap-default\">\n\t\t\t\t\t<div class=\"elementor-column elementor-col-100 elementor-inner-column elementor-element elementor-element-9b483a7\" data-id=\"9b483a7\" data-element_type=\"column\" data-e-type=\"column\">\n\t\t\t<div class=\"elementor-widget-wrap elementor-element-populated\">\n\t\t\t\t\t\t<div class=\"elementor-element elementor-element-1b9d238 elementor-align-center elementor-invisible elementor-widget elementor-widget-button\" data-id=\"1b9d238\" data-element_type=\"widget\" data-e-type=\"widget\" data-settings=\"{&quot;_animation&quot;:&quot;fadeInLeft&quot;}\" data-widget_type=\"button.default\">\n\t\t\t\t<div class=\"elementor-widget-container\">\n\t\t\t\t\t\t\t\t\t<div class=\"elementor-button-wrapper\">\n\t\t\t\t\t<a class=\"elementor-button elementor-button-link elementor-size-md\" href=\"https:\/\/uraniaegerapartman.eu\/de\/faq\/\">\n\t\t\t\t\t\t<span class=\"elementor-button-content-wrapper\">\n\t\t\t\t\t\t\t\t\t<span class=\"elementor-button-text\">H\u00e4ufig gestellte Fragen<\/span>\n\t\t\t\t\t<\/span>\n\t\t\t\t\t<\/a>\n\t\t\t\t<\/div>\n\t\t\t\t\t\t\t\t<\/div>\n\t\t\t\t<\/div>\n\t\t\t\t\t<\/div>\n\t\t<\/div>\n\t\t\t\t\t<\/div>\n\t\t<\/section>\n\t\t\t\t\t<\/div>\n\t\t<\/div>\n\t\t\t\t<div class=\"elementor-column elementor-col-50 elementor-top-column elementor-element elementor-element-316c7a1c\" data-id=\"316c7a1c\" data-element_type=\"column\" data-e-type=\"column\">\n\t\t\t<div class=\"elementor-widget-wrap elementor-element-populated\">\n\t\t\t\t\t\t<div class=\"elementor-element elementor-element-d35817c elementor-widget elementor-widget-text-editor\" data-id=\"d35817c\" data-element_type=\"widget\" data-e-type=\"widget\" data-widget_type=\"text-editor.default\">\n\t\t\t\t<div class=\"elementor-widget-container\">\n\t\t\t\t\t\t\t\t\t<div><b>Eger, Katona Platz &#8211; Parkhaus<\/b><\/div><div><p>Unser Apartment verf\u00fcgt \u00fcber zwei eigene Parkpl\u00e4tze in der nahegelegenen Parkgarage, die wir unseren G\u00e4sten f\u00fcr 2.000 HUF pro Tag zur Verf\u00fcgung stellen k\u00f6nnen. Falls Sie dies ben\u00f6tigen, bitten wir Sie, uns im Voraus zu informieren, damit wir die Pl\u00e4tze rechtzeitig reservieren k\u00f6nnen.<\/p><\/div>\t\t\t\t\t\t\t\t<\/div>\n\t\t\t\t<\/div>\n\t\t\t\t<div class=\"elementor-element elementor-element-335ac3b9 elementor-widget elementor-widget-text-editor\" data-id=\"335ac3b9\" data-element_type=\"widget\" data-e-type=\"widget\" data-widget_type=\"text-editor.default\">\n\t\t\t\t<div class=\"elementor-widget-container\">\n\t\t\t\t\t\t\t\t\t<p>Die Bewohner unserer Apartments k\u00f6nnen auch im <b>Lenkey (Innenstadt)<\/b> Hof parken.<\/p><p><b>Die Betriebszeiten der Parkpl\u00e4tze sind wie folgt:<br><\/b>Wochentags: von 8:00 bis 17:00 Uhr,<br>Samstags: von 8:00 bis 13:00 Uhr.<br>Vom 1. Mai bis 30. September t\u00e4glich von 8:00 bis 18:00 Uhr.<br><b>480 HUF\/Stunde<br>SMS-Code f\u00fcr das Parken: +36 20\/30\/70 763-3301<\/b><\/p>\t\t\t\t\t\t\t\t<\/div>\n\t\t\t\t<\/div>\n\t\t\t\t\t<\/div>\n\t\t<\/div>\n\t\t\t\t\t<\/div>\n\t\t<\/section>\n\t\t\t\t<\/div>\n\t\t","protected":false},"excerpt":{"rendered":"<p>Parken H\u00e4ufig gestellte Fragen Eger, Katona Platz &#8211; Parkhaus Unser Apartment verf\u00fcgt \u00fcber zwei eigene Parkpl\u00e4tze in der nahegelegenen Parkgarage, die wir unseren G\u00e4sten f\u00fcr 2.000 HUF pro Tag zur Verf\u00fcgung stellen k\u00f6nnen. Falls Sie dies ben\u00f6tigen, bitten wir Sie, uns im Voraus zu informieren, damit wir die Pl\u00e4tze rechtzeitig reservieren k\u00f6nnen. Die Bewohner unserer [&hellip;]<\/p>\n","protected":false},"author":2,"featured_media":0,"parent":0,"menu_order":0,"comment_status":"closed","ping_status":"closed","template":"","meta":{"_acf_changed":false,"inline_featured_image":false,"footnotes":""},"class_list":["post-3606003","page","type-page","status-publish","hentry"],"acf":[],"yoast_head":"<!-- This site is optimized with the Yoast SEO Premium plugin v27.5 (Yoast SEO v27.5) - https:\/\/yoast.com\/product\/yoast-seo-premium-wordpress\/ -->\n<title>Parken - Ur\u00e1nia Apartments Eger<\/title>\n<meta name=\"description\" content=\"Unser Apartment verf\u00fcgt \u00fcber einen eigenen Parkplatz in der nahegelegenen Parkgarage, den wir f\u00fcr 2.000 HUF pro Tag zur Verf\u00fcgung stellen k\u00f6nnen. - Parken\" \/>\n<meta name=\"robots\" content=\"index, follow, max-snippet:-1, max-image-preview:large, max-video-preview:-1\" \/>\n<link rel=\"canonical\" href=\"https:\/\/uraniaegerapartman.eu\/de\/parken\/\" \/>\n<meta property=\"og:locale\" content=\"de_DE\" \/>\n<meta property=\"og:type\" content=\"article\" \/>\n<meta property=\"og:title\" content=\"Parken\" \/>\n<meta property=\"og:description\" content=\"Unser Apartment verf\u00fcgt \u00fcber einen eigenen Parkplatz in der nahegelegenen Parkgarage, den wir f\u00fcr 2.000 HUF pro Tag zur Verf\u00fcgung stellen k\u00f6nnen. - Parken\" \/>\n<meta property=\"og:url\" content=\"https:\/\/uraniaegerapartman.eu\/de\/parken\/\" \/>\n<meta property=\"article:modified_time\" content=\"2025-05-03T18:28:16+00:00\" \/>\n<meta property=\"og:image\" content=\"https:\/\/uraniaegerapartman.eu\/wp-content\/uploads\/2024\/01\/eger-tkp-urania-apartman-1024x889.webp\" \/>\n<meta name=\"twitter:card\" content=\"summary_large_image\" \/>\n<meta name=\"twitter:label1\" content=\"Gesch\u00e4tzte Lesezeit\" \/>\n\t<meta name=\"twitter:data1\" content=\"1\u00a0Minute\" \/>\n<script type=\"application\/ld+json\" class=\"yoast-schema-graph\">{\"@context\":\"https:\\\/\\\/schema.org\",\"@graph\":[{\"@type\":\"WebPage\",\"@id\":\"https:\\\/\\\/uraniaegerapartman.eu\\\/de\\\/parken\\\/\",\"url\":\"https:\\\/\\\/uraniaegerapartman.eu\\\/de\\\/parken\\\/\",\"name\":\"Parken - Ur\u00e1nia Apartments Eger\",\"isPartOf\":{\"@id\":\"https:\\\/\\\/uraniaegerapartman.eu\\\/#website\"},\"primaryImageOfPage\":{\"@id\":\"https:\\\/\\\/uraniaegerapartman.eu\\\/de\\\/parken\\\/#primaryimage\"},\"image\":{\"@id\":\"https:\\\/\\\/uraniaegerapartman.eu\\\/de\\\/parken\\\/#primaryimage\"},\"thumbnailUrl\":\"https:\\\/\\\/uraniaegerapartman.eu\\\/wp-content\\\/uploads\\\/2024\\\/01\\\/eger-tkp-urania-apartman-1024x889.webp\",\"datePublished\":\"2024-06-28T07:58:41+00:00\",\"dateModified\":\"2025-05-03T18:28:16+00:00\",\"description\":\"Unser Apartment verf\u00fcgt \u00fcber einen eigenen Parkplatz in der nahegelegenen Parkgarage, den wir f\u00fcr 2.000 HUF pro Tag zur Verf\u00fcgung stellen k\u00f6nnen. - Parken\",\"breadcrumb\":{\"@id\":\"https:\\\/\\\/uraniaegerapartman.eu\\\/de\\\/parken\\\/#breadcrumb\"},\"inLanguage\":\"de\",\"potentialAction\":[{\"@type\":\"ReadAction\",\"target\":[\"https:\\\/\\\/uraniaegerapartman.eu\\\/de\\\/parken\\\/\"]}]},{\"@type\":\"ImageObject\",\"inLanguage\":\"de\",\"@id\":\"https:\\\/\\\/uraniaegerapartman.eu\\\/de\\\/parken\\\/#primaryimage\",\"url\":\"https:\\\/\\\/uraniaegerapartman.eu\\\/wp-content\\\/uploads\\\/2024\\\/01\\\/eger-tkp-urania-apartman-1024x889.webp\",\"contentUrl\":\"https:\\\/\\\/uraniaegerapartman.eu\\\/wp-content\\\/uploads\\\/2024\\\/01\\\/eger-tkp-urania-apartman-1024x889.webp\"},{\"@type\":\"BreadcrumbList\",\"@id\":\"https:\\\/\\\/uraniaegerapartman.eu\\\/de\\\/parken\\\/#breadcrumb\",\"itemListElement\":[{\"@type\":\"ListItem\",\"position\":1,\"name\":\"Home\",\"item\":\"https:\\\/\\\/uraniaegerapartman.eu\\\/de\\\/\"},{\"@type\":\"ListItem\",\"position\":2,\"name\":\"Parken\"}]},{\"@type\":\"WebSite\",\"@id\":\"https:\\\/\\\/uraniaegerapartman.eu\\\/#website\",\"url\":\"https:\\\/\\\/uraniaegerapartman.eu\\\/\",\"name\":\"Ur\u00e1nia Apartman Eger\",\"description\":\"Sz\u00e1ll\u00e1s A V\u00e1ros Sz\u00edv\u00e9ben\",\"publisher\":{\"@id\":\"https:\\\/\\\/uraniaegerapartman.eu\\\/#organization\"},\"potentialAction\":[{\"@type\":\"SearchAction\",\"target\":{\"@type\":\"EntryPoint\",\"urlTemplate\":\"https:\\\/\\\/uraniaegerapartman.eu\\\/?s={search_term_string}\"},\"query-input\":{\"@type\":\"PropertyValueSpecification\",\"valueRequired\":true,\"valueName\":\"search_term_string\"}}],\"inLanguage\":\"de\"},{\"@type\":\"Organization\",\"@id\":\"https:\\\/\\\/uraniaegerapartman.eu\\\/#organization\",\"name\":\"Ur\u00e1nia Apartman Eger\",\"url\":\"https:\\\/\\\/uraniaegerapartman.eu\\\/\",\"logo\":{\"@type\":\"ImageObject\",\"inLanguage\":\"de\",\"@id\":\"https:\\\/\\\/uraniaegerapartman.eu\\\/#\\\/schema\\\/logo\\\/image\\\/\",\"url\":\"https:\\\/\\\/uraniaegerapartman.eu\\\/wp-content\\\/uploads\\\/2021\\\/11\\\/UraniaLogo.png\",\"contentUrl\":\"https:\\\/\\\/uraniaegerapartman.eu\\\/wp-content\\\/uploads\\\/2021\\\/11\\\/UraniaLogo.png\",\"width\":1024,\"height\":534,\"caption\":\"Ur\u00e1nia Apartman Eger\"},\"image\":{\"@id\":\"https:\\\/\\\/uraniaegerapartman.eu\\\/#\\\/schema\\\/logo\\\/image\\\/\"}}]}<\/script>\n<!-- \/ Yoast SEO Premium plugin. -->","yoast_head_json":{"title":"Parken - Ur\u00e1nia Apartments Eger","description":"Unser Apartment verf\u00fcgt \u00fcber einen eigenen Parkplatz in der nahegelegenen Parkgarage, den wir f\u00fcr 2.000 HUF pro Tag zur Verf\u00fcgung stellen k\u00f6nnen. - Parken","robots":{"index":"index","follow":"follow","max-snippet":"max-snippet:-1","max-image-preview":"max-image-preview:large","max-video-preview":"max-video-preview:-1"},"canonical":"https:\/\/uraniaegerapartman.eu\/de\/parken\/","og_locale":"de_DE","og_type":"article","og_title":"Parken","og_description":"Unser Apartment verf\u00fcgt \u00fcber einen eigenen Parkplatz in der nahegelegenen Parkgarage, den wir f\u00fcr 2.000 HUF pro Tag zur Verf\u00fcgung stellen k\u00f6nnen. - Parken","og_url":"https:\/\/uraniaegerapartman.eu\/de\/parken\/","article_modified_time":"2025-05-03T18:28:16+00:00","og_image":[{"url":"https:\/\/uraniaegerapartman.eu\/wp-content\/uploads\/2024\/01\/eger-tkp-urania-apartman-1024x889.webp","type":"","width":"","height":""}],"twitter_card":"summary_large_image","twitter_misc":{"Gesch\u00e4tzte Lesezeit":"1\u00a0Minute"},"schema":{"@context":"https:\/\/schema.org","@graph":[{"@type":"WebPage","@id":"https:\/\/uraniaegerapartman.eu\/de\/parken\/","url":"https:\/\/uraniaegerapartman.eu\/de\/parken\/","name":"Parken - Ur\u00e1nia Apartments Eger","isPartOf":{"@id":"https:\/\/uraniaegerapartman.eu\/#website"},"primaryImageOfPage":{"@id":"https:\/\/uraniaegerapartman.eu\/de\/parken\/#primaryimage"},"image":{"@id":"https:\/\/uraniaegerapartman.eu\/de\/parken\/#primaryimage"},"thumbnailUrl":"https:\/\/uraniaegerapartman.eu\/wp-content\/uploads\/2024\/01\/eger-tkp-urania-apartman-1024x889.webp","datePublished":"2024-06-28T07:58:41+00:00","dateModified":"2025-05-03T18:28:16+00:00","description":"Unser Apartment verf\u00fcgt \u00fcber einen eigenen Parkplatz in der nahegelegenen Parkgarage, den wir f\u00fcr 2.000 HUF pro Tag zur Verf\u00fcgung stellen k\u00f6nnen. - Parken","breadcrumb":{"@id":"https:\/\/uraniaegerapartman.eu\/de\/parken\/#breadcrumb"},"inLanguage":"de","potentialAction":[{"@type":"ReadAction","target":["https:\/\/uraniaegerapartman.eu\/de\/parken\/"]}]},{"@type":"ImageObject","inLanguage":"de","@id":"https:\/\/uraniaegerapartman.eu\/de\/parken\/#primaryimage","url":"https:\/\/uraniaegerapartman.eu\/wp-content\/uploads\/2024\/01\/eger-tkp-urania-apartman-1024x889.webp","contentUrl":"https:\/\/uraniaegerapartman.eu\/wp-content\/uploads\/2024\/01\/eger-tkp-urania-apartman-1024x889.webp"},{"@type":"BreadcrumbList","@id":"https:\/\/uraniaegerapartman.eu\/de\/parken\/#breadcrumb","itemListElement":[{"@type":"ListItem","position":1,"name":"Home","item":"https:\/\/uraniaegerapartman.eu\/de\/"},{"@type":"ListItem","position":2,"name":"Parken"}]},{"@type":"WebSite","@id":"https:\/\/uraniaegerapartman.eu\/#website","url":"https:\/\/uraniaegerapartman.eu\/","name":"Ur\u00e1nia Apartman Eger","description":"Sz\u00e1ll\u00e1s A V\u00e1ros Sz\u00edv\u00e9ben","publisher":{"@id":"https:\/\/uraniaegerapartman.eu\/#organization"},"potentialAction":[{"@type":"SearchAction","target":{"@type":"EntryPoint","urlTemplate":"https:\/\/uraniaegerapartman.eu\/?s={search_term_string}"},"query-input":{"@type":"PropertyValueSpecification","valueRequired":true,"valueName":"search_term_string"}}],"inLanguage":"de"},{"@type":"Organization","@id":"https:\/\/uraniaegerapartman.eu\/#organization","name":"Ur\u00e1nia Apartman Eger","url":"https:\/\/uraniaegerapartman.eu\/","logo":{"@type":"ImageObject","inLanguage":"de","@id":"https:\/\/uraniaegerapartman.eu\/#\/schema\/logo\/image\/","url":"https:\/\/uraniaegerapartman.eu\/wp-content\/uploads\/2021\/11\/UraniaLogo.png","contentUrl":"https:\/\/uraniaegerapartman.eu\/wp-content\/uploads\/2021\/11\/UraniaLogo.png","width":1024,"height":534,"caption":"Ur\u00e1nia Apartman Eger"},"image":{"@id":"https:\/\/uraniaegerapartman.eu\/#\/schema\/logo\/image\/"}}]}},"_links":{"self":[{"href":"https:\/\/uraniaegerapartman.eu\/de\/wp-json\/wp\/v2\/pages\/3606003","targetHints":{"allow":["GET"]}}],"collection":[{"href":"https:\/\/uraniaegerapartman.eu\/de\/wp-json\/wp\/v2\/pages"}],"about":[{"href":"https:\/\/uraniaegerapartman.eu\/de\/wp-json\/wp\/v2\/types\/page"}],"author":[{"embeddable":true,"href":"https:\/\/uraniaegerapartman.eu\/de\/wp-json\/wp\/v2\/users\/2"}],"replies":[{"embeddable":true,"href":"https:\/\/uraniaegerapartman.eu\/de\/wp-json\/wp\/v2\/comments?post=3606003"}],"version-history":[{"count":2,"href":"https:\/\/uraniaegerapartman.eu\/de\/wp-json\/wp\/v2\/pages\/3606003\/revisions"}],"predecessor-version":[{"id":3606045,"href":"https:\/\/uraniaegerapartman.eu\/de\/wp-json\/wp\/v2\/pages\/3606003\/revisions\/3606045"}],"wp:attachment":[{"href":"https:\/\/uraniaegerapartman.eu\/de\/wp-json\/wp\/v2\/media?parent=3606003"}],"curies":[{"name":"wp","href":"https:\/\/api.w.org\/{rel}","templated":true}]}}