{"id":3605958,"date":"2021-11-25T18:03:49","date_gmt":"2021-11-25T17:03:49","guid":{"rendered":"https:\/\/uraniaegerapartman.eu\/faq\/"},"modified":"2025-05-03T20:24:39","modified_gmt":"2025-05-03T18:24:39","slug":"faq","status":"publish","type":"page","link":"https:\/\/uraniaegerapartman.eu\/en\/faq\/","title":{"rendered":"FAQ"},"content":{"rendered":"\t\t<div data-elementor-type=\"wp-page\" data-elementor-id=\"3605958\" class=\"elementor elementor-3605958 elementor-3601616\" data-elementor-post-type=\"page\">\n\t\t\t\t\t\t<section class=\"elementor-section elementor-top-section elementor-element elementor-element-1686292f elementor-section-boxed elementor-section-height-default elementor-section-height-default\" data-id=\"1686292f\" data-element_type=\"section\" data-e-type=\"section\">\n\t\t\t\t\t\t<div class=\"elementor-container elementor-column-gap-default\">\n\t\t\t\t\t<div class=\"elementor-column elementor-col-50 elementor-top-column elementor-element elementor-element-6fd2e547\" data-id=\"6fd2e547\" data-element_type=\"column\" data-e-type=\"column\">\n\t\t\t<div class=\"elementor-widget-wrap elementor-element-populated\">\n\t\t\t\t\t\t<div class=\"elementor-element elementor-element-cf19af2 elementor-invisible elementor-widget elementor-widget-heading\" data-id=\"cf19af2\" data-element_type=\"widget\" data-e-type=\"widget\" data-settings=\"{&quot;_animation&quot;:&quot;fadeInLeft&quot;}\" data-widget_type=\"heading.default\">\n\t\t\t\t<div class=\"elementor-widget-container\">\n\t\t\t\t\t<h1 class=\"elementor-heading-title elementor-size-default\">Frequiently Asked Questions<\/h1>\t\t\t\t<\/div>\n\t\t\t\t<\/div>\n\t\t\t\t<div class=\"elementor-element elementor-element-8fbb74f elementor-invisible elementor-widget elementor-widget-toggle\" data-id=\"8fbb74f\" data-element_type=\"widget\" data-e-type=\"widget\" data-settings=\"{&quot;_animation&quot;:&quot;fadeInLeft&quot;}\" data-widget_type=\"toggle.default\">\n\t\t\t\t<div class=\"elementor-widget-container\">\n\t\t\t\t\t\t\t<div class=\"elementor-toggle\">\n\t\t\t\t\t\t\t<div class=\"elementor-toggle-item\">\n\t\t\t\t\t<div id=\"elementor-tab-title-1501\" class=\"elementor-tab-title\" data-tab=\"1\" role=\"button\" aria-controls=\"elementor-tab-content-1501\" aria-expanded=\"false\">\n\t\t\t\t\t\t\t\t\t\t\t\t<a class=\"elementor-toggle-title\" tabindex=\"0\">Where can I park?<\/a>\n\t\t\t\t\t<\/div>\n\n\t\t\t\t\t<div id=\"elementor-tab-content-1501\" class=\"elementor-tab-content elementor-clearfix\" data-tab=\"1\" role=\"region\" aria-labelledby=\"elementor-tab-title-1501\"><h4>Getting There and Parking<\/h4>\n<p>Our apartment guests can park in the <strong>Lenkey (Downtown) Courtyard.<\/strong> <\/p>\n<p><strong>Operating hours of the parking spaces:<\/strong> <\/p>\n<p>On weekdays: from 8:00 AM to 5:00 PM<br \/>On Saturdays: from 8:00 AM to 1:00 PM<br \/>From May 1 to September 30: every day from 8:00 AM to 6:00 PM<br \/><strong>360 HUF\/hour<br \/>SMS code for parking: +36 20\/30\/70 763-3301<\/strong><\/p>\n<p>For more information, please visit our Contact and Parking section.<\/p>\n<\/div>\n\t\t\t\t<\/div>\n\t\t\t\t\t\t\t<div class=\"elementor-toggle-item\">\n\t\t\t\t\t<div id=\"elementor-tab-title-1502\" class=\"elementor-tab-title\" data-tab=\"2\" role=\"button\" aria-controls=\"elementor-tab-content-1502\" aria-expanded=\"false\">\n\t\t\t\t\t\t\t\t\t\t\t\t<a class=\"elementor-toggle-title\" tabindex=\"0\">If parking is provided in a public area, how much does it cost?<\/a>\n\t\t\t\t\t<\/div>\n\n\t\t\t\t\t<div id=\"elementor-tab-content-1502\" class=\"elementor-tab-content elementor-clearfix\" data-tab=\"2\" role=\"region\" aria-labelledby=\"elementor-tab-title-1502\"><p><strong>Lenkey (Downtown) Courtyard<\/strong> <\/p>\n<p>On weekdays: from 8:00 AM to 5:00 PM<br \/>On Saturdays: from 8:00 AM to 1:00 PM<br \/>(From May 1 to September 30: every day from 8:00 AM to 6:00 PM)<br \/><strong>360 HUF\/hour<br \/>SMS code for parking: +36 20\/30\/70 763-3301<\/strong><\/p>\n<p><strong>Eger, Katona Square \u2013 Parking Garage<br \/><\/strong>Our apartment has two private parking spaces in the nearby parking garage, which we can offer to our guests at a rate of 2,000 HUF per day. If you would like to use this option, please let us know in advance so we can reserve the spaces in time.<\/p>\n<\/div>\n\t\t\t\t<\/div>\n\t\t\t\t\t\t\t<div class=\"elementor-toggle-item\">\n\t\t\t\t\t<div id=\"elementor-tab-title-1503\" class=\"elementor-tab-title\" data-tab=\"3\" role=\"button\" aria-controls=\"elementor-tab-content-1503\" aria-expanded=\"false\">\n\t\t\t\t\t\t\t\t\t\t\t\t<a class=\"elementor-toggle-title\" tabindex=\"0\">Can I stop at the entrance?<\/a>\n\t\t\t\t\t<\/div>\n\n\t\t\t\t\t<div id=\"elementor-tab-content-1503\" class=\"elementor-tab-content elementor-clearfix\" data-tab=\"3\" role=\"region\" aria-labelledby=\"elementor-tab-title-1503\"><p>Our Apartment House is located on a pedestrian street in the city center, so it is not possible to stop with a vehicle directly in front of the building. The closest location is the Downtown (Lenkey) Courtyard, which is situated directly behind the Apartment House, just 50 meters from the entrance.<\/p>\n<\/div>\n\t\t\t\t<\/div>\n\t\t\t\t\t\t\t<div class=\"elementor-toggle-item\">\n\t\t\t\t\t<div id=\"elementor-tab-title-1504\" class=\"elementor-tab-title\" data-tab=\"4\" role=\"button\" aria-controls=\"elementor-tab-content-1504\" aria-expanded=\"false\">\n\t\t\t\t\t\t\t\t\t\t\t\t<a class=\"elementor-toggle-title\" tabindex=\"0\">Are the apartments located on the ground floor or the upper floor?<\/a>\n\t\t\t\t\t<\/div>\n\n\t\t\t\t\t<div id=\"elementor-tab-content-1504\" class=\"elementor-tab-content elementor-clearfix\" data-tab=\"4\" role=\"region\" aria-labelledby=\"elementor-tab-title-1504\"><p>Our Apartment House is located on the first floor of the building.<\/p>\n<\/div>\n\t\t\t\t<\/div>\n\t\t\t\t\t\t\t<div class=\"elementor-toggle-item\">\n\t\t\t\t\t<div id=\"elementor-tab-title-1505\" class=\"elementor-tab-title\" data-tab=\"5\" role=\"button\" aria-controls=\"elementor-tab-content-1505\" aria-expanded=\"false\">\n\t\t\t\t\t\t\t\t\t\t\t\t<a class=\"elementor-toggle-title\" tabindex=\"0\">Is there an elevator in the building?<\/a>\n\t\t\t\t\t<\/div>\n\n\t\t\t\t\t<div id=\"elementor-tab-content-1505\" class=\"elementor-tab-content elementor-clearfix\" data-tab=\"5\" role=\"region\" aria-labelledby=\"elementor-tab-title-1505\"><p>No, the apartments can only be accessed via the staircase!<\/p>\n<\/div>\n\t\t\t\t<\/div>\n\t\t\t\t\t\t\t\t<\/div>\n\t\t\t\t\t\t<\/div>\n\t\t\t\t<\/div>\n\t\t\t\t\t<\/div>\n\t\t<\/div>\n\t\t\t\t<div class=\"elementor-column elementor-col-50 elementor-top-column elementor-element elementor-element-35ed95cc\" data-id=\"35ed95cc\" data-element_type=\"column\" data-e-type=\"column\">\n\t\t\t<div class=\"elementor-widget-wrap elementor-element-populated\">\n\t\t\t\t\t\t<div class=\"elementor-element elementor-element-e0b256a elementor-invisible elementor-widget elementor-widget-toggle\" data-id=\"e0b256a\" data-element_type=\"widget\" data-e-type=\"widget\" data-settings=\"{&quot;_animation&quot;:&quot;fadeInRight&quot;}\" data-widget_type=\"toggle.default\">\n\t\t\t\t<div class=\"elementor-widget-container\">\n\t\t\t\t\t\t\t<div class=\"elementor-toggle\">\n\t\t\t\t\t\t\t<div class=\"elementor-toggle-item\">\n\t\t\t\t\t<div id=\"elementor-tab-title-2351\" class=\"elementor-tab-title\" data-tab=\"1\" role=\"button\" aria-controls=\"elementor-tab-content-2351\" aria-expanded=\"false\">\n\t\t\t\t\t\t\t\t\t\t\t\t<a class=\"elementor-toggle-title\" tabindex=\"0\">Are towels and bed linens provided in the apartments?<\/a>\n\t\t\t\t\t<\/div>\n\n\t\t\t\t\t<div id=\"elementor-tab-content-2351\" class=\"elementor-tab-content elementor-clearfix\" data-tab=\"1\" role=\"region\" aria-labelledby=\"elementor-tab-title-2351\"><p>All our apartments are equipped with bedding sets that include towels and bed linens.<\/p>\n<\/div>\n\t\t\t\t<\/div>\n\t\t\t\t\t\t\t<div class=\"elementor-toggle-item\">\n\t\t\t\t\t<div id=\"elementor-tab-title-2352\" class=\"elementor-tab-title\" data-tab=\"2\" role=\"button\" aria-controls=\"elementor-tab-content-2352\" aria-expanded=\"false\">\n\t\t\t\t\t\t\t\t\t\t\t\t<a class=\"elementor-toggle-title\" tabindex=\"0\">Are hairdryers and irons available in the apartments?<\/a>\n\t\t\t\t\t<\/div>\n\n\t\t\t\t\t<div id=\"elementor-tab-content-2352\" class=\"elementor-tab-content elementor-clearfix\" data-tab=\"2\" role=\"region\" aria-labelledby=\"elementor-tab-title-2352\"><p>All our apartments are equipped with a hairdryer.<\/p>\n<\/div>\n\t\t\t\t<\/div>\n\t\t\t\t\t\t\t<div class=\"elementor-toggle-item\">\n\t\t\t\t\t<div id=\"elementor-tab-title-2353\" class=\"elementor-tab-title\" data-tab=\"3\" role=\"button\" aria-controls=\"elementor-tab-content-2353\" aria-expanded=\"false\">\n\t\t\t\t\t\t\t\t\t\t\t\t<a class=\"elementor-toggle-title\" tabindex=\"0\">Is there a possibility to store luggage in a secure indoor area after check-out?<\/a>\n\t\t\t\t\t<\/div>\n\n\t\t\t\t\t<div id=\"elementor-tab-content-2353\" class=\"elementor-tab-content elementor-clearfix\" data-tab=\"3\" role=\"region\" aria-labelledby=\"elementor-tab-title-2353\"><p>After check-out, luggage can only be stored in the hallway of the Apartment House.<\/p>\n<\/div>\n\t\t\t\t<\/div>\n\t\t\t\t\t\t\t<div class=\"elementor-toggle-item\">\n\t\t\t\t\t<div id=\"elementor-tab-title-2354\" class=\"elementor-tab-title\" data-tab=\"4\" role=\"button\" aria-controls=\"elementor-tab-content-2354\" aria-expanded=\"false\">\n\t\t\t\t\t\t\t\t\t\t\t\t<a class=\"elementor-toggle-title\" tabindex=\"0\">Is early check-in or late check-out possible?<\/a>\n\t\t\t\t\t<\/div>\n\n\t\t\t\t\t<div id=\"elementor-tab-content-2354\" class=\"elementor-tab-content elementor-clearfix\" data-tab=\"4\" role=\"region\" aria-labelledby=\"elementor-tab-title-2354\"><p>This option requires prior arrangement and is available for an additional fee.<\/p>\n<\/div>\n\t\t\t\t<\/div>\n\t\t\t\t\t\t\t<div class=\"elementor-toggle-item\">\n\t\t\t\t\t<div id=\"elementor-tab-title-2355\" class=\"elementor-tab-title\" data-tab=\"5\" role=\"button\" aria-controls=\"elementor-tab-content-2355\" aria-expanded=\"false\">\n\t\t\t\t\t\t\t\t\t\t\t\t<a class=\"elementor-toggle-title\" tabindex=\"0\">Are pets allowed?<\/a>\n\t\t\t\t\t<\/div>\n\n\t\t\t\t\t<div id=\"elementor-tab-content-2355\" class=\"elementor-tab-content elementor-clearfix\" data-tab=\"5\" role=\"region\" aria-labelledby=\"elementor-tab-title-2355\"><p>Due to the design of our Apartment House, we are unable to accommodate pets. Thank you for your understanding.<\/p>\n<\/div>\n\t\t\t\t<\/div>\n\t\t\t\t\t\t\t\t<\/div>\n\t\t\t\t\t\t<\/div>\n\t\t\t\t<\/div>\n\t\t\t\t\t<\/div>\n\t\t<\/div>\n\t\t\t\t\t<\/div>\n\t\t<\/section>\n\t\t\t\t<\/div>\n\t\t","protected":false},"excerpt":{"rendered":"<p>Frequiently Asked Questions Where can I park? Getting There and Parking Our apartment guests can park in the Lenkey (Downtown) Courtyard. Operating hours of the parking spaces: On weekdays: from 8:00 AM to 5:00 PMOn Saturdays: from 8:00 AM to 1:00 PMFrom May 1 to September 30: every day from 8:00 AM to 6:00 PM360 [&hellip;]<\/p>\n","protected":false},"author":2,"featured_media":0,"parent":0,"menu_order":0,"comment_status":"closed","ping_status":"closed","template":"elementor_header_footer","meta":{"_acf_changed":false,"inline_featured_image":false,"footnotes":""},"class_list":["post-3605958","page","type-page","status-publish","hentry"],"acf":[],"yoast_head":"<!-- This site is optimized with the Yoast SEO Premium plugin v27.5 (Yoast SEO v27.5) - https:\/\/yoast.com\/product\/yoast-seo-premium-wordpress\/ -->\n<title>FAQ - Ur\u00e1nia Apartman Eger<\/title>\n<meta name=\"description\" content=\"Answers to frequently asked questions about our apartment house, the Ur\u00e1nia Apartments. - FAQ . Parking\" \/>\n<meta name=\"robots\" content=\"index, follow, max-snippet:-1, max-image-preview:large, max-video-preview:-1\" \/>\n<link rel=\"canonical\" href=\"https:\/\/uraniaegerapartman.eu\/en\/faq\/\" \/>\n<meta property=\"og:locale\" content=\"en_US\" \/>\n<meta property=\"og:type\" content=\"article\" \/>\n<meta property=\"og:title\" content=\"FAQ\" \/>\n<meta property=\"og:description\" content=\"Answers to frequently asked questions about our apartment house, the Ur\u00e1nia Apartments. - FAQ . Parking\" \/>\n<meta property=\"og:url\" content=\"https:\/\/uraniaegerapartman.eu\/en\/faq\/\" \/>\n<meta property=\"article:modified_time\" content=\"2025-05-03T18:24:39+00:00\" \/>\n<meta name=\"twitter:card\" content=\"summary_large_image\" \/>\n<meta name=\"twitter:label1\" content=\"Est. reading time\" \/>\n\t<meta name=\"twitter:data1\" content=\"2 minutes\" \/>\n<script type=\"application\/ld+json\" class=\"yoast-schema-graph\">{\"@context\":\"https:\\\/\\\/schema.org\",\"@graph\":[{\"@type\":\"WebPage\",\"@id\":\"https:\\\/\\\/uraniaegerapartman.eu\\\/en\\\/faq\\\/\",\"url\":\"https:\\\/\\\/uraniaegerapartman.eu\\\/en\\\/faq\\\/\",\"name\":\"FAQ - Ur\u00e1nia Apartman Eger\",\"isPartOf\":{\"@id\":\"https:\\\/\\\/uraniaegerapartman.eu\\\/#website\"},\"datePublished\":\"2021-11-25T17:03:49+00:00\",\"dateModified\":\"2025-05-03T18:24:39+00:00\",\"description\":\"Answers to frequently asked questions about our apartment house, the Ur\u00e1nia Apartments. - FAQ . Parking\",\"breadcrumb\":{\"@id\":\"https:\\\/\\\/uraniaegerapartman.eu\\\/en\\\/faq\\\/#breadcrumb\"},\"inLanguage\":\"en-US\",\"potentialAction\":[{\"@type\":\"ReadAction\",\"target\":[\"https:\\\/\\\/uraniaegerapartman.eu\\\/en\\\/faq\\\/\"]}]},{\"@type\":\"BreadcrumbList\",\"@id\":\"https:\\\/\\\/uraniaegerapartman.eu\\\/en\\\/faq\\\/#breadcrumb\",\"itemListElement\":[{\"@type\":\"ListItem\",\"position\":1,\"name\":\"Home\",\"item\":\"https:\\\/\\\/uraniaegerapartman.eu\\\/en\\\/\"},{\"@type\":\"ListItem\",\"position\":2,\"name\":\"FAQ\"}]},{\"@type\":\"WebSite\",\"@id\":\"https:\\\/\\\/uraniaegerapartman.eu\\\/#website\",\"url\":\"https:\\\/\\\/uraniaegerapartman.eu\\\/\",\"name\":\"Ur\u00e1nia Apartman Eger\",\"description\":\"Sz\u00e1ll\u00e1s A V\u00e1ros Sz\u00edv\u00e9ben\",\"publisher\":{\"@id\":\"https:\\\/\\\/uraniaegerapartman.eu\\\/#organization\"},\"potentialAction\":[{\"@type\":\"SearchAction\",\"target\":{\"@type\":\"EntryPoint\",\"urlTemplate\":\"https:\\\/\\\/uraniaegerapartman.eu\\\/?s={search_term_string}\"},\"query-input\":{\"@type\":\"PropertyValueSpecification\",\"valueRequired\":true,\"valueName\":\"search_term_string\"}}],\"inLanguage\":\"en-US\"},{\"@type\":\"Organization\",\"@id\":\"https:\\\/\\\/uraniaegerapartman.eu\\\/#organization\",\"name\":\"Ur\u00e1nia Apartman Eger\",\"url\":\"https:\\\/\\\/uraniaegerapartman.eu\\\/\",\"logo\":{\"@type\":\"ImageObject\",\"inLanguage\":\"en-US\",\"@id\":\"https:\\\/\\\/uraniaegerapartman.eu\\\/#\\\/schema\\\/logo\\\/image\\\/\",\"url\":\"https:\\\/\\\/uraniaegerapartman.eu\\\/wp-content\\\/uploads\\\/2021\\\/11\\\/UraniaLogo.png\",\"contentUrl\":\"https:\\\/\\\/uraniaegerapartman.eu\\\/wp-content\\\/uploads\\\/2021\\\/11\\\/UraniaLogo.png\",\"width\":1024,\"height\":534,\"caption\":\"Ur\u00e1nia Apartman Eger\"},\"image\":{\"@id\":\"https:\\\/\\\/uraniaegerapartman.eu\\\/#\\\/schema\\\/logo\\\/image\\\/\"}}]}<\/script>\n<!-- \/ Yoast SEO Premium plugin. -->","yoast_head_json":{"title":"FAQ - Ur\u00e1nia Apartman Eger","description":"Answers to frequently asked questions about our apartment house, the Ur\u00e1nia Apartments. - FAQ . Parking","robots":{"index":"index","follow":"follow","max-snippet":"max-snippet:-1","max-image-preview":"max-image-preview:large","max-video-preview":"max-video-preview:-1"},"canonical":"https:\/\/uraniaegerapartman.eu\/en\/faq\/","og_locale":"en_US","og_type":"article","og_title":"FAQ","og_description":"Answers to frequently asked questions about our apartment house, the Ur\u00e1nia Apartments. - FAQ . Parking","og_url":"https:\/\/uraniaegerapartman.eu\/en\/faq\/","article_modified_time":"2025-05-03T18:24:39+00:00","twitter_card":"summary_large_image","twitter_misc":{"Est. reading time":"2 minutes"},"schema":{"@context":"https:\/\/schema.org","@graph":[{"@type":"WebPage","@id":"https:\/\/uraniaegerapartman.eu\/en\/faq\/","url":"https:\/\/uraniaegerapartman.eu\/en\/faq\/","name":"FAQ - Ur\u00e1nia Apartman Eger","isPartOf":{"@id":"https:\/\/uraniaegerapartman.eu\/#website"},"datePublished":"2021-11-25T17:03:49+00:00","dateModified":"2025-05-03T18:24:39+00:00","description":"Answers to frequently asked questions about our apartment house, the Ur\u00e1nia Apartments. - FAQ . Parking","breadcrumb":{"@id":"https:\/\/uraniaegerapartman.eu\/en\/faq\/#breadcrumb"},"inLanguage":"en-US","potentialAction":[{"@type":"ReadAction","target":["https:\/\/uraniaegerapartman.eu\/en\/faq\/"]}]},{"@type":"BreadcrumbList","@id":"https:\/\/uraniaegerapartman.eu\/en\/faq\/#breadcrumb","itemListElement":[{"@type":"ListItem","position":1,"name":"Home","item":"https:\/\/uraniaegerapartman.eu\/en\/"},{"@type":"ListItem","position":2,"name":"FAQ"}]},{"@type":"WebSite","@id":"https:\/\/uraniaegerapartman.eu\/#website","url":"https:\/\/uraniaegerapartman.eu\/","name":"Ur\u00e1nia Apartman Eger","description":"Sz\u00e1ll\u00e1s A V\u00e1ros Sz\u00edv\u00e9ben","publisher":{"@id":"https:\/\/uraniaegerapartman.eu\/#organization"},"potentialAction":[{"@type":"SearchAction","target":{"@type":"EntryPoint","urlTemplate":"https:\/\/uraniaegerapartman.eu\/?s={search_term_string}"},"query-input":{"@type":"PropertyValueSpecification","valueRequired":true,"valueName":"search_term_string"}}],"inLanguage":"en-US"},{"@type":"Organization","@id":"https:\/\/uraniaegerapartman.eu\/#organization","name":"Ur\u00e1nia Apartman Eger","url":"https:\/\/uraniaegerapartman.eu\/","logo":{"@type":"ImageObject","inLanguage":"en-US","@id":"https:\/\/uraniaegerapartman.eu\/#\/schema\/logo\/image\/","url":"https:\/\/uraniaegerapartman.eu\/wp-content\/uploads\/2021\/11\/UraniaLogo.png","contentUrl":"https:\/\/uraniaegerapartman.eu\/wp-content\/uploads\/2021\/11\/UraniaLogo.png","width":1024,"height":534,"caption":"Ur\u00e1nia Apartman Eger"},"image":{"@id":"https:\/\/uraniaegerapartman.eu\/#\/schema\/logo\/image\/"}}]}},"_links":{"self":[{"href":"https:\/\/uraniaegerapartman.eu\/en\/wp-json\/wp\/v2\/pages\/3605958","targetHints":{"allow":["GET"]}}],"collection":[{"href":"https:\/\/uraniaegerapartman.eu\/en\/wp-json\/wp\/v2\/pages"}],"about":[{"href":"https:\/\/uraniaegerapartman.eu\/en\/wp-json\/wp\/v2\/types\/page"}],"author":[{"embeddable":true,"href":"https:\/\/uraniaegerapartman.eu\/en\/wp-json\/wp\/v2\/users\/2"}],"replies":[{"embeddable":true,"href":"https:\/\/uraniaegerapartman.eu\/en\/wp-json\/wp\/v2\/comments?post=3605958"}],"version-history":[{"count":1,"href":"https:\/\/uraniaegerapartman.eu\/en\/wp-json\/wp\/v2\/pages\/3605958\/revisions"}],"predecessor-version":[{"id":3605959,"href":"https:\/\/uraniaegerapartman.eu\/en\/wp-json\/wp\/v2\/pages\/3605958\/revisions\/3605959"}],"wp:attachment":[{"href":"https:\/\/uraniaegerapartman.eu\/en\/wp-json\/wp\/v2\/media?parent=3605958"}],"curies":[{"name":"wp","href":"https:\/\/api.w.org\/{rel}","templated":true}]}}