{"id":3605962,"date":"2021-09-24T11:11:51","date_gmt":"2021-09-24T09:11:51","guid":{"rendered":"https:\/\/uraniaegerapartman.eu\/kisfaludy-tender\/"},"modified":"2025-05-03T17:41:26","modified_gmt":"2025-05-03T15:41:26","slug":"kisfaludy-tender","status":"publish","type":"page","link":"https:\/\/uraniaegerapartman.eu\/en\/kisfaludy-tender\/","title":{"rendered":"Kisfaludy Tender"},"content":{"rendered":"\t\t<div data-elementor-type=\"wp-page\" data-elementor-id=\"3605962\" class=\"elementor elementor-3605962 elementor-3568082\" data-elementor-post-type=\"page\">\n\t\t\t\t\t\t<section class=\"elementor-section elementor-top-section elementor-element elementor-element-42b39ca elementor-section-boxed elementor-section-height-default elementor-section-height-default\" data-id=\"42b39ca\" data-element_type=\"section\" data-e-type=\"section\">\n\t\t\t\t\t\t<div class=\"elementor-container elementor-column-gap-default\">\n\t\t\t\t\t<div class=\"elementor-column elementor-col-50 elementor-top-column elementor-element elementor-element-1cbfa0f\" data-id=\"1cbfa0f\" data-element_type=\"column\" data-e-type=\"column\">\n\t\t\t<div class=\"elementor-widget-wrap elementor-element-populated\">\n\t\t\t\t\t\t<div class=\"elementor-element elementor-element-2eb78e55 elementor-invisible elementor-widget elementor-widget-heading\" data-id=\"2eb78e55\" data-element_type=\"widget\" data-e-type=\"widget\" data-settings=\"{&quot;_animation&quot;:&quot;fadeInLeft&quot;}\" data-widget_type=\"heading.default\">\n\t\t\t\t<div class=\"elementor-widget-container\">\n\t\t\t\t\t<h2 class=\"elementor-heading-title elementor-size-default\">Kisfaludy <br>Tender<\/h2>\t\t\t\t<\/div>\n\t\t\t\t<\/div>\n\t\t\t\t<div class=\"elementor-element elementor-element-fbc7263 elementor-invisible elementor-widget elementor-widget-heading\" data-id=\"fbc7263\" data-element_type=\"widget\" data-e-type=\"widget\" data-settings=\"{&quot;_animation&quot;:&quot;fadeInLeft&quot;}\" data-widget_type=\"heading.default\">\n\t\t\t\t<div class=\"elementor-widget-container\">\n\t\t\t\t\t<h2 class=\"elementor-heading-title elementor-size-default\">Grant Beneficiary<\/h2>\t\t\t\t<\/div>\n\t\t\t\t<\/div>\n\t\t\t\t<div class=\"elementor-element elementor-element-58d65467 elementor-invisible elementor-widget elementor-widget-text-editor\" data-id=\"58d65467\" data-element_type=\"widget\" data-e-type=\"widget\" data-settings=\"{&quot;_animation&quot;:&quot;fadeInLeft&quot;}\" data-widget_type=\"text-editor.default\">\n\t\t\t\t<div class=\"elementor-widget-container\">\n\t\t\t\t\t\t\t\t\t<ul><li>Name of the Beneficiary: RenArt Architect+Visual Commercial and Service Limited Liability Company<\/li><li> Address of the Supported Project: 3300 Eger, Sz\u00e9chenyi Istv\u00e1n Street 14. 1. fl. 4882\/A\/14, 4882\/A\/15, 4882\/A\/17<\/li><li>Grant Identification Number: TFC-M-1.1.2-2020-11832<\/li><li>The contracted grant amount: 8,000,000 HUF, that is, eight million forints.<\/li><li>Amount of support (in %): 100%.<\/li><li>Brief description of the supported project: decorative painting (visual reduction of ceiling height, enhancing space), procurement of equipment, installation of air conditioning in the rooms (to increase apartment comfort), and the creation of a reception\/service area, which will make the operation of the Apartment House more organized and efficient.<\/li><li>Completion date of the supported project: 02 August 2021.<\/li><\/ul>\t\t\t\t\t\t\t\t<\/div>\n\t\t\t\t<\/div>\n\t\t\t\t\t<\/div>\n\t\t<\/div>\n\t\t\t\t<div class=\"elementor-column elementor-col-50 elementor-top-column elementor-element elementor-element-4e6aa1c\" data-id=\"4e6aa1c\" data-element_type=\"column\" data-e-type=\"column\">\n\t\t\t<div class=\"elementor-widget-wrap elementor-element-populated\">\n\t\t\t\t\t\t<div class=\"elementor-element elementor-element-108c95d elementor-invisible elementor-widget elementor-widget-image\" data-id=\"108c95d\" data-element_type=\"widget\" data-e-type=\"widget\" data-settings=\"{&quot;_animation&quot;:&quot;fadeInRight&quot;}\" data-widget_type=\"image.default\">\n\t\t\t\t<div class=\"elementor-widget-container\">\n\t\t\t\t\t\t\t\t\t\t\t\t\t\t\t<img fetchpriority=\"high\" decoding=\"async\" width=\"512\" height=\"1024\" src=\"https:\/\/uraniaegerapartman.eu\/wp-content\/uploads\/2024\/01\/wow_banner_allo_szoveg-512x1024.webp\" class=\"attachment-large size-large wp-image-3605533\" alt=\"\" srcset=\"https:\/\/uraniaegerapartman.eu\/wp-content\/uploads\/2024\/01\/wow_banner_allo_szoveg-512x1024.webp 512w, https:\/\/uraniaegerapartman.eu\/wp-content\/uploads\/2024\/01\/wow_banner_allo_szoveg-150x300.webp 150w, https:\/\/uraniaegerapartman.eu\/wp-content\/uploads\/2024\/01\/wow_banner_allo_szoveg.webp 600w\" sizes=\"(max-width: 512px) 100vw, 512px\" \/>\t\t\t\t\t\t\t\t\t\t\t\t\t\t\t<\/div>\n\t\t\t\t<\/div>\n\t\t\t\t\t<\/div>\n\t\t<\/div>\n\t\t\t\t\t<\/div>\n\t\t<\/section>\n\t\t\t\t<\/div>\n\t\t","protected":false},"excerpt":{"rendered":"<p>Kisfaludy Tender Grant Beneficiary Name of the Beneficiary: RenArt Architect+Visual Commercial and Service Limited Liability Company Address of the Supported Project: 3300 Eger, Sz\u00e9chenyi Istv\u00e1n Street 14. 1. fl. 4882\/A\/14, 4882\/A\/15, 4882\/A\/17 Grant Identification Number: TFC-M-1.1.2-2020-11832 The contracted grant amount: 8,000,000 HUF, that is, eight million forints. Amount of support (in %): 100%. Brief description [&hellip;]<\/p>\n","protected":false},"author":2,"featured_media":0,"parent":0,"menu_order":0,"comment_status":"closed","ping_status":"closed","template":"elementor_header_footer","meta":{"_acf_changed":false,"inline_featured_image":false,"footnotes":""},"class_list":["post-3605962","page","type-page","status-publish","hentry"],"acf":[],"yoast_head":"<!-- This site is optimized with the Yoast SEO Premium plugin v27.5 (Yoast SEO v27.5) - https:\/\/yoast.com\/product\/yoast-seo-premium-wordpress\/ -->\n<title>Kisfaludy Tender -<\/title>\n<meta name=\"robots\" content=\"index, follow, max-snippet:-1, max-image-preview:large, max-video-preview:-1\" \/>\n<link rel=\"canonical\" href=\"https:\/\/uraniaegerapartman.eu\/en\/kisfaludy-tender\/\" \/>\n<meta property=\"og:locale\" content=\"en_US\" \/>\n<meta property=\"og:type\" content=\"article\" \/>\n<meta property=\"og:title\" content=\"Kisfaludy Tender\" \/>\n<meta property=\"og:description\" content=\"Kisfaludy Tender Grant Beneficiary Name of the Beneficiary: RenArt Architect+Visual Commercial and Service Limited Liability Company Address of the Supported Project: 3300 Eger, Sz\u00e9chenyi Istv\u00e1n Street 14. 1. fl. 4882\/A\/14, 4882\/A\/15, 4882\/A\/17 Grant Identification Number: TFC-M-1.1.2-2020-11832 The contracted grant amount: 8,000,000 HUF, that is, eight million forints. Amount of support (in %): 100%. Brief description [&hellip;]\" \/>\n<meta property=\"og:url\" content=\"https:\/\/uraniaegerapartman.eu\/en\/kisfaludy-tender\/\" \/>\n<meta property=\"article:modified_time\" content=\"2025-05-03T15:41:26+00:00\" \/>\n<meta property=\"og:image\" content=\"https:\/\/uraniaegerapartman.eu\/wp-content\/uploads\/2024\/01\/wow_banner_allo_szoveg-512x1024.webp\" \/>\n<meta name=\"twitter:card\" content=\"summary_large_image\" \/>\n<meta name=\"twitter:label1\" content=\"Est. reading time\" \/>\n\t<meta name=\"twitter:data1\" content=\"1 minute\" \/>\n<script type=\"application\/ld+json\" class=\"yoast-schema-graph\">{\"@context\":\"https:\\\/\\\/schema.org\",\"@graph\":[{\"@type\":\"WebPage\",\"@id\":\"https:\\\/\\\/uraniaegerapartman.eu\\\/en\\\/kisfaludy-tender\\\/\",\"url\":\"https:\\\/\\\/uraniaegerapartman.eu\\\/en\\\/kisfaludy-tender\\\/\",\"name\":\"Kisfaludy Tender -\",\"isPartOf\":{\"@id\":\"https:\\\/\\\/uraniaegerapartman.eu\\\/#website\"},\"primaryImageOfPage\":{\"@id\":\"https:\\\/\\\/uraniaegerapartman.eu\\\/en\\\/kisfaludy-tender\\\/#primaryimage\"},\"image\":{\"@id\":\"https:\\\/\\\/uraniaegerapartman.eu\\\/en\\\/kisfaludy-tender\\\/#primaryimage\"},\"thumbnailUrl\":\"https:\\\/\\\/uraniaegerapartman.eu\\\/wp-content\\\/uploads\\\/2024\\\/01\\\/wow_banner_allo_szoveg-512x1024.webp\",\"datePublished\":\"2021-09-24T09:11:51+00:00\",\"dateModified\":\"2025-05-03T15:41:26+00:00\",\"breadcrumb\":{\"@id\":\"https:\\\/\\\/uraniaegerapartman.eu\\\/en\\\/kisfaludy-tender\\\/#breadcrumb\"},\"inLanguage\":\"en-US\",\"potentialAction\":[{\"@type\":\"ReadAction\",\"target\":[\"https:\\\/\\\/uraniaegerapartman.eu\\\/en\\\/kisfaludy-tender\\\/\"]}]},{\"@type\":\"ImageObject\",\"inLanguage\":\"en-US\",\"@id\":\"https:\\\/\\\/uraniaegerapartman.eu\\\/en\\\/kisfaludy-tender\\\/#primaryimage\",\"url\":\"https:\\\/\\\/uraniaegerapartman.eu\\\/wp-content\\\/uploads\\\/2024\\\/01\\\/wow_banner_allo_szoveg-512x1024.webp\",\"contentUrl\":\"https:\\\/\\\/uraniaegerapartman.eu\\\/wp-content\\\/uploads\\\/2024\\\/01\\\/wow_banner_allo_szoveg-512x1024.webp\"},{\"@type\":\"BreadcrumbList\",\"@id\":\"https:\\\/\\\/uraniaegerapartman.eu\\\/en\\\/kisfaludy-tender\\\/#breadcrumb\",\"itemListElement\":[{\"@type\":\"ListItem\",\"position\":1,\"name\":\"Home\",\"item\":\"https:\\\/\\\/uraniaegerapartman.eu\\\/en\\\/\"},{\"@type\":\"ListItem\",\"position\":2,\"name\":\"Kisfaludy Tender\"}]},{\"@type\":\"WebSite\",\"@id\":\"https:\\\/\\\/uraniaegerapartman.eu\\\/#website\",\"url\":\"https:\\\/\\\/uraniaegerapartman.eu\\\/\",\"name\":\"Ur\u00e1nia Apartman Eger\",\"description\":\"Sz\u00e1ll\u00e1s A V\u00e1ros Sz\u00edv\u00e9ben\",\"publisher\":{\"@id\":\"https:\\\/\\\/uraniaegerapartman.eu\\\/#organization\"},\"potentialAction\":[{\"@type\":\"SearchAction\",\"target\":{\"@type\":\"EntryPoint\",\"urlTemplate\":\"https:\\\/\\\/uraniaegerapartman.eu\\\/?s={search_term_string}\"},\"query-input\":{\"@type\":\"PropertyValueSpecification\",\"valueRequired\":true,\"valueName\":\"search_term_string\"}}],\"inLanguage\":\"en-US\"},{\"@type\":\"Organization\",\"@id\":\"https:\\\/\\\/uraniaegerapartman.eu\\\/#organization\",\"name\":\"Ur\u00e1nia Apartman Eger\",\"url\":\"https:\\\/\\\/uraniaegerapartman.eu\\\/\",\"logo\":{\"@type\":\"ImageObject\",\"inLanguage\":\"en-US\",\"@id\":\"https:\\\/\\\/uraniaegerapartman.eu\\\/#\\\/schema\\\/logo\\\/image\\\/\",\"url\":\"https:\\\/\\\/uraniaegerapartman.eu\\\/wp-content\\\/uploads\\\/2021\\\/11\\\/UraniaLogo.png\",\"contentUrl\":\"https:\\\/\\\/uraniaegerapartman.eu\\\/wp-content\\\/uploads\\\/2021\\\/11\\\/UraniaLogo.png\",\"width\":1024,\"height\":534,\"caption\":\"Ur\u00e1nia Apartman Eger\"},\"image\":{\"@id\":\"https:\\\/\\\/uraniaegerapartman.eu\\\/#\\\/schema\\\/logo\\\/image\\\/\"}}]}<\/script>\n<!-- \/ Yoast SEO Premium plugin. -->","yoast_head_json":{"title":"Kisfaludy Tender -","robots":{"index":"index","follow":"follow","max-snippet":"max-snippet:-1","max-image-preview":"max-image-preview:large","max-video-preview":"max-video-preview:-1"},"canonical":"https:\/\/uraniaegerapartman.eu\/en\/kisfaludy-tender\/","og_locale":"en_US","og_type":"article","og_title":"Kisfaludy Tender","og_description":"Kisfaludy Tender Grant Beneficiary Name of the Beneficiary: RenArt Architect+Visual Commercial and Service Limited Liability Company Address of the Supported Project: 3300 Eger, Sz\u00e9chenyi Istv\u00e1n Street 14. 1. fl. 4882\/A\/14, 4882\/A\/15, 4882\/A\/17 Grant Identification Number: TFC-M-1.1.2-2020-11832 The contracted grant amount: 8,000,000 HUF, that is, eight million forints. Amount of support (in %): 100%. Brief description [&hellip;]","og_url":"https:\/\/uraniaegerapartman.eu\/en\/kisfaludy-tender\/","article_modified_time":"2025-05-03T15:41:26+00:00","og_image":[{"url":"https:\/\/uraniaegerapartman.eu\/wp-content\/uploads\/2024\/01\/wow_banner_allo_szoveg-512x1024.webp","type":"","width":"","height":""}],"twitter_card":"summary_large_image","twitter_misc":{"Est. reading time":"1 minute"},"schema":{"@context":"https:\/\/schema.org","@graph":[{"@type":"WebPage","@id":"https:\/\/uraniaegerapartman.eu\/en\/kisfaludy-tender\/","url":"https:\/\/uraniaegerapartman.eu\/en\/kisfaludy-tender\/","name":"Kisfaludy Tender -","isPartOf":{"@id":"https:\/\/uraniaegerapartman.eu\/#website"},"primaryImageOfPage":{"@id":"https:\/\/uraniaegerapartman.eu\/en\/kisfaludy-tender\/#primaryimage"},"image":{"@id":"https:\/\/uraniaegerapartman.eu\/en\/kisfaludy-tender\/#primaryimage"},"thumbnailUrl":"https:\/\/uraniaegerapartman.eu\/wp-content\/uploads\/2024\/01\/wow_banner_allo_szoveg-512x1024.webp","datePublished":"2021-09-24T09:11:51+00:00","dateModified":"2025-05-03T15:41:26+00:00","breadcrumb":{"@id":"https:\/\/uraniaegerapartman.eu\/en\/kisfaludy-tender\/#breadcrumb"},"inLanguage":"en-US","potentialAction":[{"@type":"ReadAction","target":["https:\/\/uraniaegerapartman.eu\/en\/kisfaludy-tender\/"]}]},{"@type":"ImageObject","inLanguage":"en-US","@id":"https:\/\/uraniaegerapartman.eu\/en\/kisfaludy-tender\/#primaryimage","url":"https:\/\/uraniaegerapartman.eu\/wp-content\/uploads\/2024\/01\/wow_banner_allo_szoveg-512x1024.webp","contentUrl":"https:\/\/uraniaegerapartman.eu\/wp-content\/uploads\/2024\/01\/wow_banner_allo_szoveg-512x1024.webp"},{"@type":"BreadcrumbList","@id":"https:\/\/uraniaegerapartman.eu\/en\/kisfaludy-tender\/#breadcrumb","itemListElement":[{"@type":"ListItem","position":1,"name":"Home","item":"https:\/\/uraniaegerapartman.eu\/en\/"},{"@type":"ListItem","position":2,"name":"Kisfaludy Tender"}]},{"@type":"WebSite","@id":"https:\/\/uraniaegerapartman.eu\/#website","url":"https:\/\/uraniaegerapartman.eu\/","name":"Ur\u00e1nia Apartman Eger","description":"Sz\u00e1ll\u00e1s A V\u00e1ros Sz\u00edv\u00e9ben","publisher":{"@id":"https:\/\/uraniaegerapartman.eu\/#organization"},"potentialAction":[{"@type":"SearchAction","target":{"@type":"EntryPoint","urlTemplate":"https:\/\/uraniaegerapartman.eu\/?s={search_term_string}"},"query-input":{"@type":"PropertyValueSpecification","valueRequired":true,"valueName":"search_term_string"}}],"inLanguage":"en-US"},{"@type":"Organization","@id":"https:\/\/uraniaegerapartman.eu\/#organization","name":"Ur\u00e1nia Apartman Eger","url":"https:\/\/uraniaegerapartman.eu\/","logo":{"@type":"ImageObject","inLanguage":"en-US","@id":"https:\/\/uraniaegerapartman.eu\/#\/schema\/logo\/image\/","url":"https:\/\/uraniaegerapartman.eu\/wp-content\/uploads\/2021\/11\/UraniaLogo.png","contentUrl":"https:\/\/uraniaegerapartman.eu\/wp-content\/uploads\/2021\/11\/UraniaLogo.png","width":1024,"height":534,"caption":"Ur\u00e1nia Apartman Eger"},"image":{"@id":"https:\/\/uraniaegerapartman.eu\/#\/schema\/logo\/image\/"}}]}},"_links":{"self":[{"href":"https:\/\/uraniaegerapartman.eu\/en\/wp-json\/wp\/v2\/pages\/3605962","targetHints":{"allow":["GET"]}}],"collection":[{"href":"https:\/\/uraniaegerapartman.eu\/en\/wp-json\/wp\/v2\/pages"}],"about":[{"href":"https:\/\/uraniaegerapartman.eu\/en\/wp-json\/wp\/v2\/types\/page"}],"author":[{"embeddable":true,"href":"https:\/\/uraniaegerapartman.eu\/en\/wp-json\/wp\/v2\/users\/2"}],"replies":[{"embeddable":true,"href":"https:\/\/uraniaegerapartman.eu\/en\/wp-json\/wp\/v2\/comments?post=3605962"}],"version-history":[{"count":1,"href":"https:\/\/uraniaegerapartman.eu\/en\/wp-json\/wp\/v2\/pages\/3605962\/revisions"}],"predecessor-version":[{"id":3605963,"href":"https:\/\/uraniaegerapartman.eu\/en\/wp-json\/wp\/v2\/pages\/3605962\/revisions\/3605963"}],"wp:attachment":[{"href":"https:\/\/uraniaegerapartman.eu\/en\/wp-json\/wp\/v2\/media?parent=3605962"}],"curies":[{"name":"wp","href":"https:\/\/api.w.org\/{rel}","templated":true}]}}